{"id":1978,"date":"2021-05-11T11:51:45","date_gmt":"2021-05-11T09:51:45","guid":{"rendered":"https:\/\/deepseareporter.dev.phosdev.se\/?page_id=1978"},"modified":"2022-11-07T22:14:58","modified_gmt":"2022-11-07T21:14:58","slug":"integritetspolicy-dina-personuppgifter","status":"publish","type":"page","link":"https:\/\/deepseareporter.dev.phosdev.se\/sv\/integritetspolicy-dina-personuppgifter\/","title":{"rendered":"Integritetspolicy \u2013 dina personuppgifter"},"content":{"rendered":"<h1>Integritetspolicy \u2013 dina personuppgifter<\/h1>\n<h2>Vilka vi \u00e4r<\/h2>\n<p>Vi \u00e4r Deep Sea Reporter \u2013 ett digitalt nyhetsmagasin med fokus p\u00e5 havet. Vi \u00e4r en del av produktionsbolaget <a href=\"https:\/\/www.deepsea.se\/\" target=\"_blank\" rel=\"noreferrer noopener\">Deep Sea Productions<\/a> och v\u00e5r webbadress \u00e4r: https:\/\/deepseareporter.dev.phosdev.se.<\/p>\n<h2 id=\"heading-0\">Introduktion<\/h2>\n<p>F\u00f6r att f\u00f6renkla f\u00f6r dig som anv\u00e4ndare hur vi anv\u00e4nder och hanterar dina personuppgifter har vi uppr\u00e4ttat denna policy. Kontaktinformation till oss hittar du under fliken Om Oss.<\/p>\n<h3><strong>Vilka personuppgifter samlar vi in?<\/strong><\/h3>\n<p>Om du v\u00e4ljer att anm\u00e4la dig till v\u00e5rt nyhetsbrev, som tillhandah\u00e5lls via mailchimp s\u00e5 h\u00e4mtar vi in f\u00f6ljande personuppgifter om dig.<\/p>\n<ul>\n<li><strong>Namn<\/strong>. Vi h\u00e4mtar in ditt f\u00f6r- och efternamn f\u00f6r att kunna adressera dig personligen i v\u00e5ra nyhetsbrev.<\/li>\n<li><strong>Mejladress.<\/strong> F\u00f6r att kunna skicka ut v\u00e5rt nyhetsbrev till dig som prenumerant, s\u00e5 beh\u00f6ver vi registrera din mejladress.<\/li>\n<\/ul>\n<h3><strong>Hur samlar vi in personuppgifterna?<\/strong><\/h3>\n<ul>\n<li><strong>Uppgifter som du l\u00e4mnar.<\/strong>&nbsp;Uppgifterna samlas in av dig n\u00e4r du fyller i dem i v\u00e5rt Nyhetsbrevsformul\u00e4r.<\/li>\n<li><strong>Anv\u00e4ndning av tj\u00e4nst m.m.<\/strong>&nbsp;Vi f\u00e5r en del av informationen genom att registrera hur du interagerar med v\u00e5r hemsida genom anv\u00e4ndning av&nbsp;<strong>cookies<\/strong>&nbsp;p\u00e5 v\u00e5ra webbsidor (l\u00e4s g\u00e4rna v\u00e5r <a href=\"https:\/\/deepseareporter.dev.phosdev.se\/cookiepolicy\/\">cookiepolicy<\/a>) n\u00e4r du tar del av v\u00e5ra nyheter.<\/li>\n<\/ul>\n<h2 id=\"heading-2\">Hur vi anv\u00e4nder personuppgifter<\/h2>\n<p>I detta avsnitt har vi sammanfattat f\u00f6r vilket \u00e4ndam\u00e5l vi behandlar dina personuppgifter.<\/p>\n<ul>\n<li><strong>Tillhandah\u00e5lla tj\u00e4nster.<\/strong>&nbsp;Vi anv\u00e4nder dina uppgifter f\u00f6r att kunna f\u00f6rse dig med v\u00e5rt nyhetsbrev. Detta \u00e4r en behandling som \u00e4r n\u00f6dv\u00e4ndig f\u00f6r att vi ska kunna leverera v\u00e5rt nyhetsbrev till dig.<\/li>\n<li><strong>Kommunikation.<\/strong>&nbsp;Vi kontaktar dig via e-post f\u00f6r att n\u00e5 ut med v\u00e5rt nyhetsbrev och \u00e4ven f\u00f6r att kunna ta bort dig som prenumerant, om s\u00e5 skulle \u00f6nskas.<\/li>\n<\/ul>\n<h2 id=\"heading-4\">Hur vi delar dina personuppgifter<\/h2>\n<p>Vi lagrar dina kontaktuppgifter hos mailchimp.com, men kommer aldrig att anv\u00e4nda ditt namn eller mejladress p\u00e5 n\u00e5got annat s\u00e4tt \u00e4n f\u00f6r att just skicka ut v\u00e5rt nyhetsbrev eller f\u00f6r att avregistrera dig som prenumerant.<\/p>\n<p>V\u00e4ljer du att dela v\u00e5rt material p\u00e5 sociala medier, s\u00e5 kommer din webbl\u00e4sare att f\u00f6ra \u00f6ver enhetsdata till det sociala mediet, s\u00e5som datum och tid f\u00f6r delningen, vilken typ av enhet som du anv\u00e4nder, ditt operativsystem och IP-adress, URL f\u00f6r bes\u00f6ket, samt information om vilken artikel du delar.<\/p>\n<p>F\u00f6r mer information om hur respektive sociala medier behandlar de uppgifter som du l\u00e4mnar till dem via sociala plug-ins, uppmanar vi dig att ta del av respektive sociala medias villkor och personuppgiftspolicys.<\/p>\n<h2 id=\"heading-9\">Hur l\u00e4nge vi sparar dina personuppgifter<\/h2>\n<p>Vi sparar personuppgifter s\u00e5 l\u00e4nge det \u00e4r n\u00f6dv\u00e4ndigt f\u00f6r de \u00e4ndam\u00e5l som beskrivs i denna policy, allts\u00e5 s\u00e5 l\u00e4nge vi v\u00e4ljer att skicka ut nyhetsbrev. Om du v\u00e4ljer att avregistrera dig som prenumerant, s\u00e5 kommer vi radera de personuppgifter vi har om dig (mejladress, f\u00f6r-och efternamn, samt f\u00f6delsedatum).<\/p>\n<p>Skulle du \u00f6nska att vi tar bort de personuppgifter vi sparat om dig via din nyhetsbrevsregistrering, v\u00e4nligen kontakta oss p\u00e5 info@deepseareporter.se.<\/p>\n<h2 id=\"heading-12\">\u00c4ndringar i denna personuppgiftspolicy<\/h2>\n<p>Vi kommer att uppdatera v\u00e5r personuppgiftspolicy n\u00e4r det beh\u00f6vs f\u00f6r att \u00e5terspegla \u00e4ndringar i lagen eller i v\u00e5ra tj\u00e4nster. Men \u00e4ven om vi bed\u00f6mer att vi kan f\u00f6rtydliga och f\u00f6rb\u00e4ttra informationen. N\u00e4r en policy uppdateras \u00e4ndras datumet f\u00f6r senaste uppdatering l\u00e4ngst ned i policyn.<\/p>\n","protected":false},"excerpt":{"rendered":"<p>Integritetspolicy \u2013 dina personuppgifter Vilka vi \u00e4r Vi \u00e4r Deep Sea Reporter \u2013 ett digitalt nyhetsmagasin med fokus p\u00e5 havet. Vi \u00e4r en del av produktionsbolaget Deep Sea Productions och v\u00e5r webbadress \u00e4r: https:\/\/deepseareporter.dev.phosdev.se. Introduktion F\u00f6r att f\u00f6renkla f\u00f6r dig som anv\u00e4ndare hur vi anv\u00e4nder och hanterar dina personuppgifter har vi uppr\u00e4ttat denna policy. Kontaktinformation [&hellip;]<\/p>\n","protected":false},"author":4,"featured_media":0,"parent":0,"menu_order":7,"comment_status":"closed","ping_status":"closed","template":"","meta":{"_acf_changed":false,"footnotes":""},"class_list":["post-1978","page","type-page","status-publish","hentry"],"acf":[],"yoast_head":"<!-- This site is optimized with the Yoast SEO Premium plugin v27.0 (Yoast SEO v27.0) - https:\/\/yoast.com\/product\/yoast-seo-premium-wordpress\/ -->\n<title>Integritetspolicy \u2013 dina personuppgifter - Deep Sea Reporter<\/title>\n<meta name=\"robots\" content=\"noindex, nofollow, max-snippet:-1, max-image-preview:large, max-video-preview:-1\" \/>\n<meta property=\"og:locale\" content=\"sv_SE\" \/>\n<meta property=\"og:type\" content=\"article\" \/>\n<meta property=\"og:title\" content=\"Integritetspolicy \u2013 dina personuppgifter - Deep Sea Reporter\" \/>\n<meta property=\"og:description\" content=\"Integritetspolicy \u2013 dina personuppgifter Vilka vi \u00e4r Vi \u00e4r Deep Sea Reporter \u2013 ett digitalt nyhetsmagasin med fokus p\u00e5 havet. Vi \u00e4r en del av produktionsbolaget Deep Sea Productions och v\u00e5r webbadress \u00e4r: https:\/\/deepseareporter.dev.phosdev.se. Introduktion F\u00f6r att f\u00f6renkla f\u00f6r dig som anv\u00e4ndare hur vi anv\u00e4nder och hanterar dina personuppgifter har vi uppr\u00e4ttat denna policy. Kontaktinformation [&hellip;]\" \/>\n<meta property=\"og:url\" content=\"https:\/\/deepseareporter.dev.phosdev.se\/integritetspolicy-dina-personuppgifter\/\" \/>\n<meta property=\"og:site_name\" content=\"Deep Sea Reporter\" \/>\n<meta property=\"article:modified_time\" content=\"2022-11-07T21:14:58+00:00\" \/>\n<meta name=\"twitter:card\" content=\"summary_large_image\" \/>\n<meta name=\"twitter:label1\" content=\"Est. reading time\" \/>\n\t<meta name=\"twitter:data1\" content=\"3 minutes\" \/>\n<script type=\"application\/ld+json\" class=\"yoast-schema-graph\">{\"@context\":\"https:\/\/schema.org\",\"@graph\":[{\"@type\":\"WebPage\",\"@id\":\"https:\/\/deepseareporter.dev.phosdev.se\/integritetspolicy-dina-personuppgifter\/\",\"url\":\"https:\/\/deepseareporter.dev.phosdev.se\/integritetspolicy-dina-personuppgifter\/\",\"name\":\"Integritetspolicy \u2013 dina personuppgifter - Deep Sea Reporter\",\"isPartOf\":{\"@id\":\"https:\/\/deepseareporter.dev.phosdev.se\/#website\"},\"datePublished\":\"2021-05-11T09:51:45+00:00\",\"dateModified\":\"2022-11-07T21:14:58+00:00\",\"breadcrumb\":{\"@id\":\"https:\/\/deepseareporter.dev.phosdev.se\/integritetspolicy-dina-personuppgifter\/#breadcrumb\"},\"inLanguage\":\"sv-SE\",\"potentialAction\":[{\"@type\":\"ReadAction\",\"target\":[\"https:\/\/deepseareporter.dev.phosdev.se\/integritetspolicy-dina-personuppgifter\/\"]}]},{\"@type\":\"BreadcrumbList\",\"@id\":\"https:\/\/deepseareporter.dev.phosdev.se\/integritetspolicy-dina-personuppgifter\/#breadcrumb\",\"itemListElement\":[{\"@type\":\"ListItem\",\"position\":1,\"name\":\"Hem\",\"item\":\"https:\/\/deepseareporter.dev.phosdev.se\/sv\/\"},{\"@type\":\"ListItem\",\"position\":2,\"name\":\"Integritetspolicy \u2013 dina personuppgifter\"}]},{\"@type\":\"WebSite\",\"@id\":\"https:\/\/deepseareporter.dev.phosdev.se\/#website\",\"url\":\"https:\/\/deepseareporter.dev.phosdev.se\/\",\"name\":\"Deep Sea Reporter\",\"description\":\"Ett digitalt magasin om havet\",\"publisher\":{\"@id\":\"https:\/\/deepseareporter.dev.phosdev.se\/#organization\"},\"potentialAction\":[{\"@type\":\"SearchAction\",\"target\":{\"@type\":\"EntryPoint\",\"urlTemplate\":\"https:\/\/deepseareporter.dev.phosdev.se\/?s={search_term_string}\"},\"query-input\":{\"@type\":\"PropertyValueSpecification\",\"valueRequired\":true,\"valueName\":\"search_term_string\"}}],\"inLanguage\":\"sv-SE\"},{\"@type\":\"Organization\",\"@id\":\"https:\/\/deepseareporter.dev.phosdev.se\/#organization\",\"name\":\"Deep Sea Reporter\",\"url\":\"https:\/\/deepseareporter.dev.phosdev.se\/\",\"logo\":{\"@type\":\"ImageObject\",\"inLanguage\":\"sv-SE\",\"@id\":\"https:\/\/deepseareporter.dev.phosdev.se\/#\/schema\/logo\/image\/\",\"url\":\"https:\/\/deepseareporter.dev.phosdev.se\/wp-content\/uploads\/2024\/10\/dsr-bla-ny-logga.svg\",\"contentUrl\":\"https:\/\/deepseareporter.dev.phosdev.se\/wp-content\/uploads\/2024\/10\/dsr-bla-ny-logga.svg\",\"width\":834,\"height\":504,\"caption\":\"Deep Sea Reporter\"},\"image\":{\"@id\":\"https:\/\/deepseareporter.dev.phosdev.se\/#\/schema\/logo\/image\/\"}}]}<\/script>\n<!-- \/ Yoast SEO Premium plugin. -->","yoast_head_json":{"title":"Integritetspolicy \u2013 dina personuppgifter - Deep Sea Reporter","robots":{"index":"noindex","follow":"nofollow","max-snippet":"max-snippet:-1","max-image-preview":"max-image-preview:large","max-video-preview":"max-video-preview:-1"},"og_locale":"sv_SE","og_type":"article","og_title":"Integritetspolicy \u2013 dina personuppgifter - Deep Sea Reporter","og_description":"Integritetspolicy \u2013 dina personuppgifter Vilka vi \u00e4r Vi \u00e4r Deep Sea Reporter \u2013 ett digitalt nyhetsmagasin med fokus p\u00e5 havet. Vi \u00e4r en del av produktionsbolaget Deep Sea Productions och v\u00e5r webbadress \u00e4r: https:\/\/deepseareporter.dev.phosdev.se. Introduktion F\u00f6r att f\u00f6renkla f\u00f6r dig som anv\u00e4ndare hur vi anv\u00e4nder och hanterar dina personuppgifter har vi uppr\u00e4ttat denna policy. Kontaktinformation [&hellip;]","og_url":"https:\/\/deepseareporter.dev.phosdev.se\/integritetspolicy-dina-personuppgifter\/","og_site_name":"Deep Sea Reporter","article_modified_time":"2022-11-07T21:14:58+00:00","twitter_card":"summary_large_image","twitter_misc":{"Est. reading time":"3 minutes"},"schema":{"@context":"https:\/\/schema.org","@graph":[{"@type":"WebPage","@id":"https:\/\/deepseareporter.dev.phosdev.se\/integritetspolicy-dina-personuppgifter\/","url":"https:\/\/deepseareporter.dev.phosdev.se\/integritetspolicy-dina-personuppgifter\/","name":"Integritetspolicy \u2013 dina personuppgifter - Deep Sea Reporter","isPartOf":{"@id":"https:\/\/deepseareporter.dev.phosdev.se\/#website"},"datePublished":"2021-05-11T09:51:45+00:00","dateModified":"2022-11-07T21:14:58+00:00","breadcrumb":{"@id":"https:\/\/deepseareporter.dev.phosdev.se\/integritetspolicy-dina-personuppgifter\/#breadcrumb"},"inLanguage":"sv-SE","potentialAction":[{"@type":"ReadAction","target":["https:\/\/deepseareporter.dev.phosdev.se\/integritetspolicy-dina-personuppgifter\/"]}]},{"@type":"BreadcrumbList","@id":"https:\/\/deepseareporter.dev.phosdev.se\/integritetspolicy-dina-personuppgifter\/#breadcrumb","itemListElement":[{"@type":"ListItem","position":1,"name":"Hem","item":"https:\/\/deepseareporter.dev.phosdev.se\/sv\/"},{"@type":"ListItem","position":2,"name":"Integritetspolicy \u2013 dina personuppgifter"}]},{"@type":"WebSite","@id":"https:\/\/deepseareporter.dev.phosdev.se\/#website","url":"https:\/\/deepseareporter.dev.phosdev.se\/","name":"Deep Sea Reporter","description":"Ett digitalt magasin om havet","publisher":{"@id":"https:\/\/deepseareporter.dev.phosdev.se\/#organization"},"potentialAction":[{"@type":"SearchAction","target":{"@type":"EntryPoint","urlTemplate":"https:\/\/deepseareporter.dev.phosdev.se\/?s={search_term_string}"},"query-input":{"@type":"PropertyValueSpecification","valueRequired":true,"valueName":"search_term_string"}}],"inLanguage":"sv-SE"},{"@type":"Organization","@id":"https:\/\/deepseareporter.dev.phosdev.se\/#organization","name":"Deep Sea Reporter","url":"https:\/\/deepseareporter.dev.phosdev.se\/","logo":{"@type":"ImageObject","inLanguage":"sv-SE","@id":"https:\/\/deepseareporter.dev.phosdev.se\/#\/schema\/logo\/image\/","url":"https:\/\/deepseareporter.dev.phosdev.se\/wp-content\/uploads\/2024\/10\/dsr-bla-ny-logga.svg","contentUrl":"https:\/\/deepseareporter.dev.phosdev.se\/wp-content\/uploads\/2024\/10\/dsr-bla-ny-logga.svg","width":834,"height":504,"caption":"Deep Sea Reporter"},"image":{"@id":"https:\/\/deepseareporter.dev.phosdev.se\/#\/schema\/logo\/image\/"}}]}},"_links":{"self":[{"href":"https:\/\/deepseareporter.dev.phosdev.se\/sv\/wp-json\/wp\/v2\/pages\/1978","targetHints":{"allow":["GET"]}}],"collection":[{"href":"https:\/\/deepseareporter.dev.phosdev.se\/sv\/wp-json\/wp\/v2\/pages"}],"about":[{"href":"https:\/\/deepseareporter.dev.phosdev.se\/sv\/wp-json\/wp\/v2\/types\/page"}],"author":[{"embeddable":true,"href":"https:\/\/deepseareporter.dev.phosdev.se\/sv\/wp-json\/wp\/v2\/users\/4"}],"replies":[{"embeddable":true,"href":"https:\/\/deepseareporter.dev.phosdev.se\/sv\/wp-json\/wp\/v2\/comments?post=1978"}],"version-history":[{"count":0,"href":"https:\/\/deepseareporter.dev.phosdev.se\/sv\/wp-json\/wp\/v2\/pages\/1978\/revisions"}],"wp:attachment":[{"href":"https:\/\/deepseareporter.dev.phosdev.se\/sv\/wp-json\/wp\/v2\/media?parent=1978"}],"curies":[{"name":"wp","href":"https:\/\/api.w.org\/{rel}","templated":true}]}}