{"id":3,"date":"2020-01-15T12:06:44","date_gmt":"2020-01-15T11:06:44","guid":{"rendered":"https:\/\/deepseareporter.dev.phosdev.se\/?page_id=3"},"modified":"2024-02-14T12:37:03","modified_gmt":"2024-02-14T11:37:03","slug":"cookiepolicy","status":"publish","type":"page","link":"https:\/\/deepseareporter.dev.phosdev.se\/sv\/cookiepolicy\/","title":{"rendered":"V\u00e5r cookiepolicy"},"content":{"rendered":"<h1>V\u00e5r cookiepolicy<\/h1>\n<h2>Cookie Policy<\/h2>\n<p>Webbplatsen,&nbsp;<strong><a href=\"https:\/\/deepseareporter.dev.phosdev.se\/\" rel=\"nofollow\">https:\/\/deepseareporter.dev.phosdev.se\/<\/a><\/strong>, anv\u00e4nder cookies. I denna policy anges vad de anv\u00e4nds till samt hur de kan raderas.<\/p>\n<p><strong>\u00a7 1. Definition<\/strong><\/p>\n<p>Cookies \u00e4r&nbsp;<strong>sm\u00e5 textfiler<\/strong>&nbsp;med information som automatiskt&nbsp;<strong>sparas<\/strong>&nbsp;p\u00e5 en webbplats anv\u00e4ndares enhet. Cookies anv\u00e4nds i stor utstr\u00e4ckning f\u00f6r att f\u00f6rb\u00e4ttra anv\u00e4ndarupplevelsen f\u00f6r en webbplats bes\u00f6kare.<\/p>\n<p>Det finns tv\u00e5 olika typer av cookies, tidsbest\u00e4mda och sessionscookies.&nbsp;<strong>Tidsbest\u00e4mda cookies<\/strong>&nbsp;sparas under en l\u00e4ngre tid och ligger kvar mellan g\u00e5ngerna en anv\u00e4ndare bes\u00f6ker webbplatsen.&nbsp;<strong>Sessionscookies<\/strong>&nbsp;sparas endast under tiden som webbplatsen anv\u00e4nds, de raderas allts\u00e5 n\u00e4r webbplatsen\/webbl\u00e4saren st\u00e4ngs ned.<\/p>\n<p><strong>\u00a7 2. Anv\u00e4ndning av cookies<\/strong><\/p>\n<p>Vi anv\u00e4nder b\u00e5de tidsbegr\u00e4nsade cookies och sessionscookies.<\/p>\n<p><strong>a) Tidsbegr\u00e4nsade cookies<\/strong><\/p>\n<p>F\u00f6ljande informations sparas i form av tidsbegr\u00e4nsade cookies:<\/p>\n<p>IP-adress, webbl\u00e4sare<\/p>\n<p>Anv\u00e4ndningen av tidsbegr\u00e4nsade cookies sker till f\u00f6ljande syften:<\/p>\n<p>Vi anv\u00e4nder tidsbegr\u00e4nsade cookies en l\u00e4ngre tid f\u00f6r att komma ih\u00e5g de val du gjort tidigare p\u00e5 hemsidan. Registrerar ett unikt ID som anv\u00e4nds f\u00f6r att f\u00e5 fram generell statistisk \u00f6ver hur bes\u00f6kare anv\u00e4nder webbplatsen.<\/p>\n<p><strong>b) Sessionscookies<\/strong><\/p>\n<p>F\u00f6ljande information sparas i from av sessionscookies:<\/p>\n<p>Vilka artiklar du har tryckt p\u00e5<br \/>Ifall du delar vidare dina artiklar p\u00e5 sociala medier<br \/>Hur l\u00e4nge du stannar p\u00e5 respektive artikel<\/p>\n<p>Anv\u00e4ndning av sessionscookies sker till f\u00f6ljande syften:<\/p>\n<p>Vi g\u00f6r detta f\u00f6r att f\u00f6rst\u00e5 vilka av v\u00e5ra artiklar du tycker \u00e4r l\u00e4sv\u00e4rda och f\u00f6rst\u00e5 hur v\u00e5r journalistik g\u00f6r skillnad f\u00f6r dig<\/p>\n<p><strong>c)<\/strong>&nbsp;<strong>Tredjeparts-cookies<\/strong><\/p>\n<p>Vi anv\u00e4nder tredjepart-cookies enligt f\u00f6ljande:<\/p>\n<p>Google Analytics<\/p>\n<p>Den h\u00e4r webbplatsen anv\u00e4nder Google Analytics, en webbanalystj\u00e4nst som tillhandah\u00e5lls av Google, Inc. (&#8221;Google&#8221;). Google Analytics anv\u00e4nder &#8221;cookies&#8221;, som \u00e4r textfiler placerade p\u00e5 din dator, f\u00f6r att hj\u00e4lpa webbplatsen att analysera hur anv\u00e4ndarna anv\u00e4nder webbplatsen. Informationen som genereras av cookien om din anv\u00e4ndning av webbplatsen (inklusive din IP-adress) kommer att \u00f6verf\u00f6ras till och lagras av Google p\u00e5 servrar i USA. Google kommer att anv\u00e4nda denna information f\u00f6r att utv\u00e4rdera din anv\u00e4ndning av webbplatsen, sammanst\u00e4lla rapporter om webbplatsaktivitet f\u00f6r webbplatsoperat\u00f6rer och tillhandah\u00e5lla andra tj\u00e4nster relaterade till webbplatsaktivitet och internetanv\u00e4ndning. Google kan \u00e4ven \u00f6verf\u00f6ra denna information till tredje part d\u00e4r det kr\u00e4vs att det genom lag g\u00f6rs, eller d\u00e4r s\u00e5dana tredje parter behandlar informationen p\u00e5 Googles v\u00e4gnar. Google kommer inte att associera din IP-adress med n\u00e5gon annan data som innehas av Google. Du kan v\u00e4gra anv\u00e4ndningen av cookies genom att v\u00e4lja l\u00e4mpliga inst\u00e4llningar i din webbl\u00e4sare. Observera dock att om du g\u00f6r det kan du inte anv\u00e4nda den fullst\u00e4ndiga funktionaliteten p\u00e5 denna webbplats. Genom att anv\u00e4nda webbplatsen deepseareporter.com samtycker du till behandlingen av data om dig av Google p\u00e5 det s\u00e4tt och i de syften som anges ovan.<\/p>\n<p>Mailchimp anv\u00e4nder vi f\u00f6r att kunna skicka nyhetsbrev till dig. I den processen s\u00e5 samlar vi in din IP-adress, din mejladress samt ditt f\u00f6r- och efternamn. D\u00e5 vi anv\u00e4nder oss av mailchimp f\u00f6r att leverera nyhetsbrevet, s\u00e5 lagras \u00e4ven dina kontaktuppgifter hos dem. D\u00e4rf\u00f6r rekommenderar vi att du l\u00e4ser deras Privacy Policy, som \u00e5terfinns <strong><a href=\"https:\/\/mailchimp.com\/legal\/privacy\/#3._Privacy_for_Contacts\" target=\"_blank\" rel=\"noreferrer noopener nofollow\">h\u00e4r<\/a><\/strong>.<\/p>\n<p>Google reCAPTCHA \u00e4r en s\u00e4kerhetstj\u00e4nst som skyddar v\u00e5r webbplats fr\u00e5n spam och missbruk. Den fungerar genom att analysera ditt beteende p\u00e5 webbplatsen f\u00f6r att avg\u00f6ra om du \u00e4r en m\u00e4nniska eller en bot. Detta kan inkludera information som din interaktion med reCAPTCHA-rutan, din IP-adress och eventuellt tidigare interaktion med reCAPTCHA p\u00e5 andra webbplatser.<\/p>\n<p>L\u00e4s mer h\u00e4r om reCAPTCHA och Googles&nbsp;<a style=\"background-image: initial; background-position: initial; background-size: initial; background-repeat: initial; background-attachment: initial; background-origin: initial; background-clip: initial; margin-top: 0pt; margin-bottom: 0pt; color: rgb(74, 110, 224);\" target=\"_blank\" href=\"https:\/\/policies.google.com\/privacy\" rel=\"noopener\">sekretesspolicy<\/a>&nbsp;och&nbsp;<a style=\"background-image: initial; background-position: initial; background-size: initial; background-repeat: initial; background-attachment: initial; background-origin: initial; background-clip: initial; margin-top: 0pt; margin-bottom: 0pt; color: rgb(74, 110, 224);\" target=\"_blank\" href=\"https:\/\/policies.google.com\/terms\" rel=\"noopener\">anv\u00e4ndarvillkor<\/a>.<\/p>\n<p><\/p>\n<p><strong>\u00a7 3. Samtycke<\/strong><\/p>\n<p><strong>a) Inh\u00e4mta samtycke<\/strong><\/p>\n<p>N\u00e4r en cookie \u00e4r att klassas som en personuppgift m\u00e5ste ett samtycke inh\u00e4mtas fr\u00e5n webbplatsens anv\u00e4ndare innan den kan anv\u00e4ndas. Samtycket ska vara informativt och tydligt s\u00e5 att samtliga anv\u00e4ndare f\u00f6rst\u00e5r inneb\u00f6rden med det.<\/p>\n<p>Vi inh\u00e4mtar samtycke p\u00e5 f\u00f6ljande s\u00e4tt:<\/p>\n<p>Cookies ger information till den som \u00e4r \u00e4gare av webbplatsen. Detta g\u00f6r det m\u00f6jligt f\u00f6r oss att estimera antalet bes\u00f6kare och se anv\u00e4ndningsm\u00f6nster. Vi kan \u00e4ven lagra information om dina preferenser, s\u00e5 att vi kan anpassa v\u00e5r hemsida efter dina individuella intressen. och k\u00e4nna igen dig n\u00e4r du \u00e5terv\u00e4nder till v\u00e5r hemsida. Genom att du godk\u00e4nner cookies, s\u00e5 till\u00e5ter du oss att f\u00f6rb\u00e4ttra din anv\u00e4ndarupplevelse hos oss.<\/p>\n<p><strong>b) Samtyckets giltighetsperiod<\/strong><\/p>\n<p>Samtycket till anv\u00e4ndning av cookies \u00e4r giltigt i sex m\u00e5nader.<\/p>\n<p>N\u00e4r ovan n\u00e4mnd period har passerat m\u00e5ste nytt samtycke inh\u00e4mtas f\u00f6r fortsatt anv\u00e4ndning av cookies.<\/p>\n<p><strong>c) \u00c5terkalla samtycke<\/strong><\/p>\n<p>En anv\u00e4ndare som l\u00e4mnat sitt samtycke ska n\u00e4r som helst kunna \u00e5terkalla detta, vilket g\u00f6rs p\u00e5 f\u00f6ljande s\u00e4tt:<\/p>\n<p>Samtycket kan \u00e5terkallas direkt p\u00e5 webbplatsen under fliken \u201dcookies\u201d. Samtycket \u00e5terkallas genom att ta bort lagrade cookies i webbl\u00e4saren.<\/p>\n<p><strong>d) R\u00e4tt att f\u00e5 sina personuppgifter raderade<\/strong><\/p>\n<p>N\u00e4r samtycket har \u00e5terkallats kan anv\u00e4ndaren, om s\u00e5 \u00f6nskas, \u00e4ven beg\u00e4ra att hens information raderas fr\u00e5n webbplatsens samtliga servrar. Detta g\u00f6rs via e-post som skickas till <a href=\"mailto:info@deepseareporter.se\" target=\"_blank\" rel=\"noreferrer noopener\">info@deepseareporter.se<\/a>.<\/p>\n","protected":false},"excerpt":{"rendered":"<p>V\u00e5r cookiepolicy Cookie Policy Webbplatsen,&nbsp;https:\/\/deepseareporter.dev.phosdev.se\/, anv\u00e4nder cookies. I denna policy anges vad de anv\u00e4nds till samt hur de kan raderas. \u00a7 1. Definition Cookies \u00e4r&nbsp;sm\u00e5 textfiler&nbsp;med information som automatiskt&nbsp;sparas&nbsp;p\u00e5 en webbplats anv\u00e4ndares enhet. Cookies anv\u00e4nds i stor utstr\u00e4ckning f\u00f6r att f\u00f6rb\u00e4ttra anv\u00e4ndarupplevelsen f\u00f6r en webbplats bes\u00f6kare. Det finns tv\u00e5 olika typer av cookies, tidsbest\u00e4mda och [&hellip;]<\/p>\n","protected":false},"author":4,"featured_media":0,"parent":0,"menu_order":6,"comment_status":"closed","ping_status":"closed","template":"elementor_header_footer","meta":{"_acf_changed":false,"footnotes":""},"class_list":["post-3","page","type-page","status-publish","hentry"],"acf":[],"yoast_head":"<!-- This site is optimized with the Yoast SEO Premium plugin v27.0 (Yoast SEO v27.0) - https:\/\/yoast.com\/product\/yoast-seo-premium-wordpress\/ -->\n<title>V\u00e5r cookiepolicy - Deep Sea Reporter<\/title>\n<meta name=\"robots\" content=\"noindex, nofollow, max-snippet:-1, max-image-preview:large, max-video-preview:-1\" \/>\n<meta property=\"og:locale\" content=\"sv_SE\" \/>\n<meta property=\"og:type\" content=\"article\" \/>\n<meta property=\"og:title\" content=\"V\u00e5r cookiepolicy - Deep Sea Reporter\" \/>\n<meta property=\"og:description\" content=\"V\u00e5r cookiepolicy Cookie Policy Webbplatsen,&nbsp;https:\/\/deepseareporter.dev.phosdev.se\/, anv\u00e4nder cookies. I denna policy anges vad de anv\u00e4nds till samt hur de kan raderas. \u00a7 1. Definition Cookies \u00e4r&nbsp;sm\u00e5 textfiler&nbsp;med information som automatiskt&nbsp;sparas&nbsp;p\u00e5 en webbplats anv\u00e4ndares enhet. Cookies anv\u00e4nds i stor utstr\u00e4ckning f\u00f6r att f\u00f6rb\u00e4ttra anv\u00e4ndarupplevelsen f\u00f6r en webbplats bes\u00f6kare. Det finns tv\u00e5 olika typer av cookies, tidsbest\u00e4mda och [&hellip;]\" \/>\n<meta property=\"og:url\" content=\"https:\/\/deepseareporter.dev.phosdev.se\/cookiepolicy\/\" \/>\n<meta property=\"og:site_name\" content=\"Deep Sea Reporter\" \/>\n<meta property=\"article:modified_time\" content=\"2024-02-14T11:37:03+00:00\" \/>\n<meta name=\"twitter:card\" content=\"summary_large_image\" \/>\n<meta name=\"twitter:label1\" content=\"Est. reading time\" \/>\n\t<meta name=\"twitter:data1\" content=\"4 minutes\" \/>\n<script type=\"application\/ld+json\" class=\"yoast-schema-graph\">{\"@context\":\"https:\/\/schema.org\",\"@graph\":[{\"@type\":\"WebPage\",\"@id\":\"https:\/\/deepseareporter.dev.phosdev.se\/cookiepolicy\/\",\"url\":\"https:\/\/deepseareporter.dev.phosdev.se\/cookiepolicy\/\",\"name\":\"V\u00e5r cookiepolicy - Deep Sea Reporter\",\"isPartOf\":{\"@id\":\"https:\/\/deepseareporter.dev.phosdev.se\/#website\"},\"datePublished\":\"2020-01-15T11:06:44+00:00\",\"dateModified\":\"2024-02-14T11:37:03+00:00\",\"breadcrumb\":{\"@id\":\"https:\/\/deepseareporter.dev.phosdev.se\/cookiepolicy\/#breadcrumb\"},\"inLanguage\":\"sv-SE\",\"potentialAction\":[{\"@type\":\"ReadAction\",\"target\":[\"https:\/\/deepseareporter.dev.phosdev.se\/cookiepolicy\/\"]}]},{\"@type\":\"BreadcrumbList\",\"@id\":\"https:\/\/deepseareporter.dev.phosdev.se\/cookiepolicy\/#breadcrumb\",\"itemListElement\":[{\"@type\":\"ListItem\",\"position\":1,\"name\":\"Hem\",\"item\":\"https:\/\/deepseareporter.dev.phosdev.se\/sv\/\"},{\"@type\":\"ListItem\",\"position\":2,\"name\":\"V\u00e5r cookiepolicy\"}]},{\"@type\":\"WebSite\",\"@id\":\"https:\/\/deepseareporter.dev.phosdev.se\/#website\",\"url\":\"https:\/\/deepseareporter.dev.phosdev.se\/\",\"name\":\"Deep Sea Reporter\",\"description\":\"Ett digitalt magasin om havet\",\"publisher\":{\"@id\":\"https:\/\/deepseareporter.dev.phosdev.se\/#organization\"},\"potentialAction\":[{\"@type\":\"SearchAction\",\"target\":{\"@type\":\"EntryPoint\",\"urlTemplate\":\"https:\/\/deepseareporter.dev.phosdev.se\/?s={search_term_string}\"},\"query-input\":{\"@type\":\"PropertyValueSpecification\",\"valueRequired\":true,\"valueName\":\"search_term_string\"}}],\"inLanguage\":\"sv-SE\"},{\"@type\":\"Organization\",\"@id\":\"https:\/\/deepseareporter.dev.phosdev.se\/#organization\",\"name\":\"Deep Sea Reporter\",\"url\":\"https:\/\/deepseareporter.dev.phosdev.se\/\",\"logo\":{\"@type\":\"ImageObject\",\"inLanguage\":\"sv-SE\",\"@id\":\"https:\/\/deepseareporter.dev.phosdev.se\/#\/schema\/logo\/image\/\",\"url\":\"https:\/\/deepseareporter.dev.phosdev.se\/wp-content\/uploads\/2024\/10\/dsr-bla-ny-logga.svg\",\"contentUrl\":\"https:\/\/deepseareporter.dev.phosdev.se\/wp-content\/uploads\/2024\/10\/dsr-bla-ny-logga.svg\",\"width\":834,\"height\":504,\"caption\":\"Deep Sea Reporter\"},\"image\":{\"@id\":\"https:\/\/deepseareporter.dev.phosdev.se\/#\/schema\/logo\/image\/\"}}]}<\/script>\n<!-- \/ Yoast SEO Premium plugin. -->","yoast_head_json":{"title":"V\u00e5r cookiepolicy - Deep Sea Reporter","robots":{"index":"noindex","follow":"nofollow","max-snippet":"max-snippet:-1","max-image-preview":"max-image-preview:large","max-video-preview":"max-video-preview:-1"},"og_locale":"sv_SE","og_type":"article","og_title":"V\u00e5r cookiepolicy - Deep Sea Reporter","og_description":"V\u00e5r cookiepolicy Cookie Policy Webbplatsen,&nbsp;https:\/\/deepseareporter.dev.phosdev.se\/, anv\u00e4nder cookies. I denna policy anges vad de anv\u00e4nds till samt hur de kan raderas. \u00a7 1. Definition Cookies \u00e4r&nbsp;sm\u00e5 textfiler&nbsp;med information som automatiskt&nbsp;sparas&nbsp;p\u00e5 en webbplats anv\u00e4ndares enhet. Cookies anv\u00e4nds i stor utstr\u00e4ckning f\u00f6r att f\u00f6rb\u00e4ttra anv\u00e4ndarupplevelsen f\u00f6r en webbplats bes\u00f6kare. Det finns tv\u00e5 olika typer av cookies, tidsbest\u00e4mda och [&hellip;]","og_url":"https:\/\/deepseareporter.dev.phosdev.se\/cookiepolicy\/","og_site_name":"Deep Sea Reporter","article_modified_time":"2024-02-14T11:37:03+00:00","twitter_card":"summary_large_image","twitter_misc":{"Est. reading time":"4 minutes"},"schema":{"@context":"https:\/\/schema.org","@graph":[{"@type":"WebPage","@id":"https:\/\/deepseareporter.dev.phosdev.se\/cookiepolicy\/","url":"https:\/\/deepseareporter.dev.phosdev.se\/cookiepolicy\/","name":"V\u00e5r cookiepolicy - Deep Sea Reporter","isPartOf":{"@id":"https:\/\/deepseareporter.dev.phosdev.se\/#website"},"datePublished":"2020-01-15T11:06:44+00:00","dateModified":"2024-02-14T11:37:03+00:00","breadcrumb":{"@id":"https:\/\/deepseareporter.dev.phosdev.se\/cookiepolicy\/#breadcrumb"},"inLanguage":"sv-SE","potentialAction":[{"@type":"ReadAction","target":["https:\/\/deepseareporter.dev.phosdev.se\/cookiepolicy\/"]}]},{"@type":"BreadcrumbList","@id":"https:\/\/deepseareporter.dev.phosdev.se\/cookiepolicy\/#breadcrumb","itemListElement":[{"@type":"ListItem","position":1,"name":"Hem","item":"https:\/\/deepseareporter.dev.phosdev.se\/sv\/"},{"@type":"ListItem","position":2,"name":"V\u00e5r cookiepolicy"}]},{"@type":"WebSite","@id":"https:\/\/deepseareporter.dev.phosdev.se\/#website","url":"https:\/\/deepseareporter.dev.phosdev.se\/","name":"Deep Sea Reporter","description":"Ett digitalt magasin om havet","publisher":{"@id":"https:\/\/deepseareporter.dev.phosdev.se\/#organization"},"potentialAction":[{"@type":"SearchAction","target":{"@type":"EntryPoint","urlTemplate":"https:\/\/deepseareporter.dev.phosdev.se\/?s={search_term_string}"},"query-input":{"@type":"PropertyValueSpecification","valueRequired":true,"valueName":"search_term_string"}}],"inLanguage":"sv-SE"},{"@type":"Organization","@id":"https:\/\/deepseareporter.dev.phosdev.se\/#organization","name":"Deep Sea Reporter","url":"https:\/\/deepseareporter.dev.phosdev.se\/","logo":{"@type":"ImageObject","inLanguage":"sv-SE","@id":"https:\/\/deepseareporter.dev.phosdev.se\/#\/schema\/logo\/image\/","url":"https:\/\/deepseareporter.dev.phosdev.se\/wp-content\/uploads\/2024\/10\/dsr-bla-ny-logga.svg","contentUrl":"https:\/\/deepseareporter.dev.phosdev.se\/wp-content\/uploads\/2024\/10\/dsr-bla-ny-logga.svg","width":834,"height":504,"caption":"Deep Sea Reporter"},"image":{"@id":"https:\/\/deepseareporter.dev.phosdev.se\/#\/schema\/logo\/image\/"}}]}},"_links":{"self":[{"href":"https:\/\/deepseareporter.dev.phosdev.se\/sv\/wp-json\/wp\/v2\/pages\/3","targetHints":{"allow":["GET"]}}],"collection":[{"href":"https:\/\/deepseareporter.dev.phosdev.se\/sv\/wp-json\/wp\/v2\/pages"}],"about":[{"href":"https:\/\/deepseareporter.dev.phosdev.se\/sv\/wp-json\/wp\/v2\/types\/page"}],"author":[{"embeddable":true,"href":"https:\/\/deepseareporter.dev.phosdev.se\/sv\/wp-json\/wp\/v2\/users\/4"}],"replies":[{"embeddable":true,"href":"https:\/\/deepseareporter.dev.phosdev.se\/sv\/wp-json\/wp\/v2\/comments?post=3"}],"version-history":[{"count":0,"href":"https:\/\/deepseareporter.dev.phosdev.se\/sv\/wp-json\/wp\/v2\/pages\/3\/revisions"}],"wp:attachment":[{"href":"https:\/\/deepseareporter.dev.phosdev.se\/sv\/wp-json\/wp\/v2\/media?parent=3"}],"curies":[{"name":"wp","href":"https:\/\/api.w.org\/{rel}","templated":true}]}}